{"id":2796,"date":"2024-07-29T17:04:46","date_gmt":"2024-07-29T17:04:46","guid":{"rendered":"https:\/\/ctmdefense.es\/?page_id=2796"},"modified":"2025-08-06T12:15:44","modified_gmt":"2025-08-06T12:15:44","slug":"cargos-del-defense","status":"publish","type":"page","link":"https:\/\/ctmdefense.es\/index.php\/cargos-del-defense\/","title":{"rendered":"Cargos del Defense"},"content":{"rendered":"\t\t<div data-elementor-type=\"wp-page\" data-elementor-id=\"2796\" class=\"elementor elementor-2796\" data-elementor-post-type=\"page\">\n\t\t\t\t<div class=\"elementor-element elementor-element-77253a92 e-flex e-con-boxed e-con e-parent\" data-id=\"77253a92\" data-element_type=\"container\" data-e-type=\"container\">\n\t\t\t\t\t<div class=\"e-con-inner\">\n\t\t\t\t<div class=\"elementor-element elementor-element-4dc3589d elementor-widget elementor-widget-text-editor\" data-id=\"4dc3589d\" data-element_type=\"widget\" data-e-type=\"widget\" data-widget_type=\"text-editor.default\">\n\t\t\t\t<div class=\"elementor-widget-container\">\n\t\t\t\t\t\t\t\t\t\n<p>Informaci\u00f3n actualizada a 06\/08\/2025<\/p>\n\n<h3 class=\"wp-block-heading\">Nicol\u00e1s Afonso &#8211; Presidente<\/h3>\n\n<p><strong>Identificaci\u00f3n y Perfil:<\/strong><\/p>\n\n<ul class=\"wp-block-list\">\n<li>Nombre: Nicol\u00e1s Afonso<\/li>\n\n<li>Cargo: Presidente<\/li>\n\n<li>Profesi\u00f3n: Empresario<\/li>\n\n<li>Descripci\u00f3n: L\u00edder emprendedor con amplia experiencia en la gesti\u00f3n y direcci\u00f3n de empresas.<\/li>\n<\/ul>\n\n<p><strong>Trayectoria Profesional:<\/strong><\/p>\n\n<ul class=\"wp-block-list\">\n<li>Fundador y Director de Novainform\u00e1tica, una empresa dedicada a soluciones tecnol\u00f3gicas innovadoras.<\/li>\n\n<li>M\u00e1s de 15 a\u00f1os de experiencia en el sector empresarial, liderando equipos y proyectos de alto impacto.<\/li>\n<\/ul>\n\n<h3 class=\"wp-block-heading\">Jos\u00e9 Hern\u00e1ndez &#8211; Tesorero<\/h3>\n\n<p><strong>Identificaci\u00f3n y Perfil:<\/strong><\/p>\n\n<ul class=\"wp-block-list\">\n<li>Nombre: Jos\u00e9 Hern\u00e1ndez<\/li>\n\n<li>Cargo: Tesorero<\/li>\n\n<li>Profesi\u00f3n: Empresario<\/li>\n\n<li>Descripci\u00f3n: Profesional din\u00e1mico con una s\u00f3lida carrera en la creaci\u00f3n y gesti\u00f3n de negocios.<\/li>\n<\/ul>\n\n<p><strong>Trayectoria Profesional:<\/strong><\/p>\n\n<ul class=\"wp-block-list\">\n<li>Co-fundador y Director de Electrosatel, una empresa especializada en soluciones electr\u00f3nicas.<\/li>\n\n<li>Ha trabajado en varias empresas multinacionales, desempe\u00f1ando roles clave en la administraci\u00f3n y finanzas.<\/li>\n\n<li>Experto en estrategias de inversi\u00f3n y an\u00e1lisis financiero.<\/li>\n<\/ul>\n\n<h3 class=\"wp-block-heading\">Juan Vi\u00f1a &#8211; Secretario<\/h3>\n\n<p><strong>Identificaci\u00f3n y Perfil:<\/strong><\/p>\n\n<ul class=\"wp-block-list\">\n<li>Nombre: Juan Vi\u00f1a<\/li>\n\n<li>Cargo: Secretario<\/li>\n\n<li>Profesi\u00f3n: Administrador<\/li>\n\n<li>Descripci\u00f3n: Profesional meticuloso con un enfoque en la gesti\u00f3n administrativa y organizacional.<\/li>\n<\/ul>\n\n<p><strong>Trayectoria Profesional:<\/strong><\/p>\n\n<ul class=\"wp-block-list\">\n<li>Trabajador en Cicar, donde ha optimizado procesos y mejorado la eficiencia operativa.<\/li>\n\n<li>Experiencia en la coordinaci\u00f3n de actividades administrativas y manejo de personal.<\/li>\n\n<li>Ha sido responsable de la implementaci\u00f3n de sistemas de gesti\u00f3n de calidad en diferentes organizaciones.<\/li>\n<\/ul>\n\n<h3 class=\"wp-block-heading\">Jorge Afonso &#8211; Vocal.<\/h3>\n<ul class=\"wp-block-list\">\n<li>Nombre: Jorge Afonso<\/li>\n\n<li>Cargo: vocal<\/li>\n<\/ul>\n\n<p><strong>Perfil:<\/strong><\/p>\n<p>Jorge Afonso es una figura destacada del Club Tenis de Mesa Defense, desde muy temprana edad, comenz\u00f3 a practicar tenis de mesa en el club, donde r\u00e1pidamente demostr\u00f3 su pasi\u00f3n y compromiso por este deporte.Tras completar su carrera universitaria, Jorge decidi\u00f3 regresar a su lugar de origen, Bre\u00f1a Alta, y reincorporarse activamente al Club Tenis de Mesa Defense. Su regreso no solo signific\u00f3 una vuelta a la competici\u00f3n, sino tambi\u00e9n una valiosa incorporaci\u00f3n al equipo humano que gestiona y organiza las actividades del club. Actualmente, Jorge participa de forma activa en la gesti\u00f3n y desarrollo del club, aportando su experiencia como jugador y su visi\u00f3n estrat\u00e9gica.<\/p>\n\n<h3 class=\"wp-block-heading\">Juan Carlos Cabrera &#8211; Vicepresidente<\/h3>\n\n<p><strong>Identificaci\u00f3n y Perfil:<\/strong><\/p>\n\n<ul class=\"wp-block-list\">\n<li>Nombre: Juan Carlos<\/li>\n\n<li>Cargo: Vicepresidente<\/li>\n\n<li>Profesi\u00f3n: Gerente de Empresa P\u00fablica<\/li>\n\n<li>Descripci\u00f3n: Gerente con una s\u00f3lida trayectoria en la administraci\u00f3n de empresas p\u00fablicas.<\/li>\n<\/ul>\n\n<p><strong>Trayectoria Profesional:<\/strong><\/p>\n\n<ul class=\"wp-block-list\">\n<li>Ha ocupado diversos puestos de responsabilidad en la gesti\u00f3n de empresas p\u00fablicas, mejorando su eficiencia y servicios.<\/li>\n\n<li>Experto en la implementaci\u00f3n de pol\u00edticas p\u00fablicas y gesti\u00f3n de recursos.<\/li>\n<\/ul>\n\n<h3 class=\"wp-block-heading\">Arturo Vi\u00f1a &#8211; Vocal<\/h3>\n\n<p><strong>Identificaci\u00f3n y Perfil:<\/strong><\/p>\n\n<ul class=\"wp-block-list\">\n<li>Nombre: Arturo Vi\u00f1a<\/li>\n\n<li>Cargo: Vocal<\/li>\n\n<li>Profesi\u00f3n: T\u00e9cnico de Imagen y Publicidad<\/li>\n\n<li>Descripci\u00f3n: Profesional creativo con experiencia en la gesti\u00f3n de estrategias publicitarias.<\/li>\n<\/ul>\n\n<p><strong>Trayectoria Profesional:<\/strong><\/p>\n\n<ul class=\"wp-block-list\">\n<li>T\u00e9cnico en una empresa de imagen y publicidad, desarrollando campa\u00f1as exitosas<\/li>\n\n<li>Ha colaborado con diversas agencias de publicidad, gestionando proyectos de alto impacto y reconocimiento.<\/li>\n<\/ul>\n\t\t\t\t\t\t\t\t<\/div>\n\t\t\t\t<\/div>\n\t\t\t\t\t<\/div>\n\t\t\t\t<\/div>\n\t\t<div class=\"elementor-element elementor-element-95c7a96 e-flex e-con-boxed e-con e-parent\" data-id=\"95c7a96\" data-element_type=\"container\" data-e-type=\"container\">\n\t\t\t\t\t<div class=\"e-con-inner\">\n\t\t\t\t<div class=\"elementor-element elementor-element-b62330c elementor-widget elementor-widget-text-editor\" data-id=\"b62330c\" data-element_type=\"widget\" data-e-type=\"widget\" data-widget_type=\"text-editor.default\">\n\t\t\t\t<div class=\"elementor-widget-container\">\n\t\t\t\t\t\t\t\t\t<p><a href=\"https:\/\/ctmdefense.es\/wp-content\/uploads\/2024\/07\/Cargos-del-Defense.txt\">Cargos del Defense txt<\/a><\/p>\t\t\t\t\t\t\t\t<\/div>\n\t\t\t\t<\/div>\n\t\t\t\t\t<\/div>\n\t\t\t\t<\/div>\n\t\t\t\t<\/div>\n\t\t","protected":false},"excerpt":{"rendered":"<p>Informaci\u00f3n actualizada a 06\/08\/2025 Nicol\u00e1s Afonso &#8211; Presidente Identificaci\u00f3n y Perfil: Trayectoria Profesional: Jos\u00e9 Hern\u00e1ndez &#8211; Tesorero Identificaci\u00f3n y Perfil:&hellip; <a class=\"continue\" href=\"https:\/\/ctmdefense.es\/index.php\/cargos-del-defense\/\">Seguir leyendo<span> Cargos del Defense<\/span><\/a><\/p>\n","protected":false},"author":1,"featured_media":0,"parent":0,"menu_order":0,"comment_status":"closed","ping_status":"closed","template":"","meta":{"om_disable_all_campaigns":false,"_monsterinsights_skip_tracking":false,"_monsterinsights_sitenote_active":false,"_monsterinsights_sitenote_note":"","_monsterinsights_sitenote_category":0,"site-sidebar-layout":"default","site-content-layout":"","ast-site-content-layout":"default","site-content-style":"default","site-sidebar-style":"default","ast-global-header-display":"","ast-banner-title-visibility":"","ast-main-header-display":"","ast-hfb-above-header-display":"","ast-hfb-below-header-display":"","ast-hfb-mobile-header-display":"","site-post-title":"","ast-breadcrumbs-content":"","ast-featured-img":"","footer-sml-layout":"","ast-disable-related-posts":"","theme-transparent-header-meta":"","adv-header-id-meta":"","stick-header-meta":"","header-above-stick-meta":"","header-main-stick-meta":"","header-below-stick-meta":"","astra-migrate-meta-layouts":"default","ast-page-background-enabled":"default","ast-page-background-meta":{"desktop":{"background-color":"var(--ast-global-color-4)","background-image":"","background-repeat":"repeat","background-position":"center center","background-size":"auto","background-attachment":"scroll","background-type":"","background-media":"","overlay-type":"","overlay-color":"","overlay-opacity":"","overlay-gradient":""},"tablet":{"background-color":"","background-image":"","background-repeat":"repeat","background-position":"center center","background-size":"auto","background-attachment":"scroll","background-type":"","background-media":"","overlay-type":"","overlay-color":"","overlay-opacity":"","overlay-gradient":""},"mobile":{"background-color":"","background-image":"","background-repeat":"repeat","background-position":"center center","background-size":"auto","background-attachment":"scroll","background-type":"","background-media":"","overlay-type":"","overlay-color":"","overlay-opacity":"","overlay-gradient":""}},"ast-content-background-meta":{"desktop":{"background-color":"var(--ast-global-color-5)","background-image":"","background-repeat":"repeat","background-position":"center center","background-size":"auto","background-attachment":"scroll","background-type":"","background-media":"","overlay-type":"","overlay-color":"","overlay-opacity":"","overlay-gradient":""},"tablet":{"background-color":"var(--ast-global-color-5)","background-image":"","background-repeat":"repeat","background-position":"center center","background-size":"auto","background-attachment":"scroll","background-type":"","background-media":"","overlay-type":"","overlay-color":"","overlay-opacity":"","overlay-gradient":""},"mobile":{"background-color":"var(--ast-global-color-5)","background-image":"","background-repeat":"repeat","background-position":"center center","background-size":"auto","background-attachment":"scroll","background-type":"","background-media":"","overlay-type":"","overlay-color":"","overlay-opacity":"","overlay-gradient":""}},"h5ap_radio_sources":[],"footnotes":""},"class_list":["post-2796","page","type-page","status-publish","hentry"],"aioseo_notices":[],"jetpack_sharing_enabled":true,"_links":{"self":[{"href":"https:\/\/ctmdefense.es\/index.php\/wp-json\/wp\/v2\/pages\/2796","targetHints":{"allow":["GET"]}}],"collection":[{"href":"https:\/\/ctmdefense.es\/index.php\/wp-json\/wp\/v2\/pages"}],"about":[{"href":"https:\/\/ctmdefense.es\/index.php\/wp-json\/wp\/v2\/types\/page"}],"author":[{"embeddable":true,"href":"https:\/\/ctmdefense.es\/index.php\/wp-json\/wp\/v2\/users\/1"}],"replies":[{"embeddable":true,"href":"https:\/\/ctmdefense.es\/index.php\/wp-json\/wp\/v2\/comments?post=2796"}],"version-history":[{"count":15,"href":"https:\/\/ctmdefense.es\/index.php\/wp-json\/wp\/v2\/pages\/2796\/revisions"}],"predecessor-version":[{"id":4330,"href":"https:\/\/ctmdefense.es\/index.php\/wp-json\/wp\/v2\/pages\/2796\/revisions\/4330"}],"wp:attachment":[{"href":"https:\/\/ctmdefense.es\/index.php\/wp-json\/wp\/v2\/media?parent=2796"}],"curies":[{"name":"wp","href":"https:\/\/api.w.org\/{rel}","templated":true}]}}