{"id":2244,"date":"2024-07-21T18:43:31","date_gmt":"2024-07-21T18:43:31","guid":{"rendered":"https:\/\/ctmdefense.es\/?page_id=2244"},"modified":"2025-01-15T20:47:59","modified_gmt":"2025-01-15T20:47:59","slug":"actualidad","status":"publish","type":"page","link":"https:\/\/ctmdefense.es\/index.php\/actualidad\/","title":{"rendered":"ACTUALIDAD"},"content":{"rendered":"\t\t<div data-elementor-type=\"wp-page\" data-elementor-id=\"2244\" class=\"elementor elementor-2244\" data-elementor-post-type=\"page\">\n\t\t\t\t<div class=\"elementor-element elementor-element-285cedd e-flex e-con-boxed e-con e-parent\" data-id=\"285cedd\" data-element_type=\"container\" data-e-type=\"container\">\n\t\t\t\t\t<div class=\"e-con-inner\">\n\t\t\t\t<div class=\"elementor-element elementor-element-475b4c8 elementor-widget elementor-widget-heading\" data-id=\"475b4c8\" data-element_type=\"widget\" data-e-type=\"widget\" data-widget_type=\"heading.default\">\n\t\t\t\t<div class=\"elementor-widget-container\">\n\t\t\t\t\t<h1 class=\"elementor-heading-title elementor-size-default\">LA ACTUALIDAD DEL CLUB TENIS DE MESA DEFENSE<\/h1>\t\t\t\t<\/div>\n\t\t\t\t<\/div>\n\t\t\t\t\t<\/div>\n\t\t\t\t<\/div>\n\t\t<div class=\"elementor-element elementor-element-c79648a e-flex e-con-boxed e-con e-parent\" data-id=\"c79648a\" data-element_type=\"container\" data-e-type=\"container\">\n\t\t\t\t\t<div class=\"e-con-inner\">\n\t\t\t\t<div class=\"elementor-element elementor-element-e168a85 elementor-grid-3 elementor-grid-tablet-2 elementor-grid-mobile-1 elementor-posts--thumbnail-top elementor-posts--show-avatar elementor-card-shadow-yes elementor-posts__hover-gradient elementor-widget elementor-widget-posts\" data-id=\"e168a85\" data-element_type=\"widget\" data-e-type=\"widget\" data-settings=\"{&quot;pagination_type&quot;:&quot;numbers&quot;,&quot;cards_columns&quot;:&quot;3&quot;,&quot;cards_columns_tablet&quot;:&quot;2&quot;,&quot;cards_columns_mobile&quot;:&quot;1&quot;,&quot;cards_row_gap&quot;:{&quot;unit&quot;:&quot;px&quot;,&quot;size&quot;:35,&quot;sizes&quot;:[]},&quot;cards_row_gap_tablet&quot;:{&quot;unit&quot;:&quot;px&quot;,&quot;size&quot;:&quot;&quot;,&quot;sizes&quot;:[]},&quot;cards_row_gap_mobile&quot;:{&quot;unit&quot;:&quot;px&quot;,&quot;size&quot;:&quot;&quot;,&quot;sizes&quot;:[]}}\" data-widget_type=\"posts.cards\">\n\t\t\t\t<div class=\"elementor-widget-container\">\n\t\t\t\t\t\t\t<div class=\"elementor-posts-container elementor-posts elementor-posts--skin-cards elementor-grid\" role=\"list\">\n\t\t\t\t<article class=\"elementor-post elementor-grid-item post-5683 post type-post status-publish format-standard hentry category-tm-defense\" role=\"listitem\">\n\t\t\t<div class=\"elementor-post__card\">\n\t\t\t\t<div class=\"elementor-post__text\">\n\t\t\t\t<h3 class=\"elementor-post__title\">\n\t\t\t<a href=\"https:\/\/ctmdefense.es\/index.php\/2026\/03\/13\/division-de-honor-pero-con-muchas-dificultades-detras\/\" >\n\t\t\t\tDivisi\u00f3n de Honor, pero con muchas dificultades detr\u00e1s\t\t\t<\/a>\n\t\t<\/h3>\n\t\t\t\t<div class=\"elementor-post__excerpt\">\n\t\t\t<p>El pasado fin de semana el TM Defense Novainform\u00e1tica, equipo de Divisi\u00f3n de Honor Femenina, se desplazaba hasta Torrelavega para&hellip; <a class=\"continue\" href=\"https:\/\/ctmdefense.es\/index.php\/2026\/03\/13\/division-de-honor-pero-con-muchas-dificultades-detras\/\">Seguir leyendo<span> Divisi\u00f3n de Honor, pero con muchas dificultades detr\u00e1s<\/span><\/a><\/p>\n\t\t<\/div>\n\t\t\n\t\t<a class=\"elementor-post__read-more\" href=\"https:\/\/ctmdefense.es\/index.php\/2026\/03\/13\/division-de-honor-pero-con-muchas-dificultades-detras\/\" aria-label=\"M\u00e1s informaci\u00f3n sobre Divisi\u00f3n de Honor, pero con muchas dificultades detr\u00e1s\" tabindex=\"-1\" >\n\t\t\tLeer M\u00e1s \u00bb\t\t<\/a>\n\n\t\t\t\t<\/div>\n\t\t\t\t<div class=\"elementor-post__meta-data\">\n\t\t\t\t\t<span class=\"elementor-post-date\">\n\t\t\tmarzo 13, 2026\t\t<\/span>\n\t\t\t\t<span class=\"elementor-post-avatar\">\n\t\t\tNo hay comentarios\t\t<\/span>\n\t\t\t\t<\/div>\n\t\t\t\t\t<\/div>\n\t\t<\/article>\n\t\t\t\t<article class=\"elementor-post elementor-grid-item post-5553 post type-post status-publish format-standard hentry category-tm-defense\" role=\"listitem\">\n\t\t\t<div class=\"elementor-post__card\">\n\t\t\t\t<div class=\"elementor-post__text\">\n\t\t\t\t<h3 class=\"elementor-post__title\">\n\t\t\t<a href=\"https:\/\/ctmdefense.es\/index.php\/2025\/12\/29\/club-tenis-de-mesa-defense\/\" >\n\t\t\t\tClub Tenis de Mesa Defense\t\t\t<\/a>\n\t\t<\/h3>\n\t\t\t\t<div class=\"elementor-post__excerpt\">\n\t\t\t<p>Club Tenis de Mesa Defense El Club Tenis de Mesa Defense est\u00e1 viviendo unos d\u00edas muy especiales en los Campeonatos&hellip; <a class=\"continue\" href=\"https:\/\/ctmdefense.es\/index.php\/2025\/12\/29\/club-tenis-de-mesa-defense\/\">Seguir leyendo<span> Club Tenis de Mesa Defense<\/span><\/a><\/p>\n\t\t<\/div>\n\t\t\n\t\t<a class=\"elementor-post__read-more\" href=\"https:\/\/ctmdefense.es\/index.php\/2025\/12\/29\/club-tenis-de-mesa-defense\/\" aria-label=\"M\u00e1s informaci\u00f3n sobre Club Tenis de Mesa Defense\" tabindex=\"-1\" >\n\t\t\tLeer M\u00e1s \u00bb\t\t<\/a>\n\n\t\t\t\t<\/div>\n\t\t\t\t<div class=\"elementor-post__meta-data\">\n\t\t\t\t\t<span class=\"elementor-post-date\">\n\t\t\tdiciembre 29, 2025\t\t<\/span>\n\t\t\t\t<span class=\"elementor-post-avatar\">\n\t\t\tNo hay comentarios\t\t<\/span>\n\t\t\t\t<\/div>\n\t\t\t\t\t<\/div>\n\t\t<\/article>\n\t\t\t\t<article class=\"elementor-post elementor-grid-item post-5535 post type-post status-publish format-standard hentry category-tm-defense\" role=\"listitem\">\n\t\t\t<div class=\"elementor-post__card\">\n\t\t\t\t<div class=\"elementor-post__text\">\n\t\t\t\t<h3 class=\"elementor-post__title\">\n\t\t\t<a href=\"https:\/\/ctmdefense.es\/index.php\/2025\/11\/21\/resumen-a-fecha-de-21-11-2025-equipos-club-tm-defense\/\" >\n\t\t\t\tResumen a fecha de 21\/11\/2025 .EQUIPOS CLUB TM DEFENSE.\t\t\t<\/a>\n\t\t<\/h3>\n\t\t\t\t<div class=\"elementor-post__excerpt\">\n\t\t\t<p>Divisi\u00f3n de Honor Femenina \u2013 Grupo 1 T.M. DEFENSE NOVAINFORMATICA LA PALMA Posici\u00f3n: 8\u00ba Partidos: 6 Victorias: 2 Derrotas: 4&hellip; <a class=\"continue\" href=\"https:\/\/ctmdefense.es\/index.php\/2025\/11\/21\/resumen-a-fecha-de-21-11-2025-equipos-club-tm-defense\/\">Seguir leyendo<span> Resumen a fecha de 21\/11\/2025 .EQUIPOS CLUB TM DEFENSE.<\/span><\/a><\/p>\n\t\t<\/div>\n\t\t\n\t\t<a class=\"elementor-post__read-more\" href=\"https:\/\/ctmdefense.es\/index.php\/2025\/11\/21\/resumen-a-fecha-de-21-11-2025-equipos-club-tm-defense\/\" aria-label=\"M\u00e1s informaci\u00f3n sobre Resumen a fecha de 21\/11\/2025 .EQUIPOS CLUB TM DEFENSE.\" tabindex=\"-1\" >\n\t\t\tLeer M\u00e1s \u00bb\t\t<\/a>\n\n\t\t\t\t<\/div>\n\t\t\t\t<div class=\"elementor-post__meta-data\">\n\t\t\t\t\t<span class=\"elementor-post-date\">\n\t\t\tnoviembre 21, 2025\t\t<\/span>\n\t\t\t\t<span class=\"elementor-post-avatar\">\n\t\t\tNo hay comentarios\t\t<\/span>\n\t\t\t\t<\/div>\n\t\t\t\t\t<\/div>\n\t\t<\/article>\n\t\t\t\t<article class=\"elementor-post elementor-grid-item post-5504 post type-post status-publish format-standard hentry category-tm-defense\" role=\"listitem\">\n\t\t\t<div class=\"elementor-post__card\">\n\t\t\t\t<div class=\"elementor-post__text\">\n\t\t\t\t<h3 class=\"elementor-post__title\">\n\t\t\t<a href=\"https:\/\/ctmdefense.es\/index.php\/2025\/10\/26\/cronica-de-la-jornada-club-tenis-de-mesa-defense-26-10-2025\/\" >\n\t\t\t\tCr\u00f3nica de la jornada \u2014 Club Tenis de Mesa Defense 26\/10\/2025\t\t\t<\/a>\n\t\t<\/h3>\n\t\t\t\t<div class=\"elementor-post__excerpt\">\n\t\t\t<p>Las chicas rozan la victoria en A Coru\u00f1a, el Primera Nacional reacciona en Errenteria y el club mantiene su gran&hellip; <a class=\"continue\" href=\"https:\/\/ctmdefense.es\/index.php\/2025\/10\/26\/cronica-de-la-jornada-club-tenis-de-mesa-defense-26-10-2025\/\">Seguir leyendo<span> Cr\u00f3nica de la jornada \u2014 Club Tenis de Mesa Defense 26\/10\/2025<\/span><\/a><\/p>\n\t\t<\/div>\n\t\t\n\t\t<a class=\"elementor-post__read-more\" href=\"https:\/\/ctmdefense.es\/index.php\/2025\/10\/26\/cronica-de-la-jornada-club-tenis-de-mesa-defense-26-10-2025\/\" aria-label=\"M\u00e1s informaci\u00f3n sobre Cr\u00f3nica de la jornada \u2014 Club Tenis de Mesa Defense 26\/10\/2025\" tabindex=\"-1\" >\n\t\t\tLeer M\u00e1s \u00bb\t\t<\/a>\n\n\t\t\t\t<\/div>\n\t\t\t\t<div class=\"elementor-post__meta-data\">\n\t\t\t\t\t<span class=\"elementor-post-date\">\n\t\t\toctubre 26, 2025\t\t<\/span>\n\t\t\t\t<span class=\"elementor-post-avatar\">\n\t\t\tNo hay comentarios\t\t<\/span>\n\t\t\t\t<\/div>\n\t\t\t\t\t<\/div>\n\t\t<\/article>\n\t\t\t\t<article class=\"elementor-post elementor-grid-item post-5481 post type-post status-publish format-standard hentry category-tm-defense\" role=\"listitem\">\n\t\t\t<div class=\"elementor-post__card\">\n\t\t\t\t<div class=\"elementor-post__text\">\n\t\t\t\t<h3 class=\"elementor-post__title\">\n\t\t\t<a href=\"https:\/\/ctmdefense.es\/index.php\/2025\/10\/15\/entrevista-en-radio-marca-al-secretario-y-director-tecnico-del-defense\/\" >\n\t\t\t\tEntrevista en radio Marca al secretario y director t\u00e9cnico Del Defense\t\t\t<\/a>\n\t\t<\/h3>\n\t\t\t\t<div class=\"elementor-post__excerpt\">\n\t\t\t<p>Puedes escucharla en este enlace, despu\u00e9s del minuto 46.<\/p>\n\t\t<\/div>\n\t\t\n\t\t<a class=\"elementor-post__read-more\" href=\"https:\/\/ctmdefense.es\/index.php\/2025\/10\/15\/entrevista-en-radio-marca-al-secretario-y-director-tecnico-del-defense\/\" aria-label=\"M\u00e1s informaci\u00f3n sobre Entrevista en radio Marca al secretario y director t\u00e9cnico Del Defense\" tabindex=\"-1\" >\n\t\t\tLeer M\u00e1s \u00bb\t\t<\/a>\n\n\t\t\t\t<\/div>\n\t\t\t\t<div class=\"elementor-post__meta-data\">\n\t\t\t\t\t<span class=\"elementor-post-date\">\n\t\t\toctubre 15, 2025\t\t<\/span>\n\t\t\t\t<span class=\"elementor-post-avatar\">\n\t\t\tNo hay comentarios\t\t<\/span>\n\t\t\t\t<\/div>\n\t\t\t\t\t<\/div>\n\t\t<\/article>\n\t\t\t\t<article class=\"elementor-post elementor-grid-item post-5299 post type-post status-publish format-standard hentry category-tm-defense\" role=\"listitem\">\n\t\t\t<div class=\"elementor-post__card\">\n\t\t\t\t<div class=\"elementor-post__text\">\n\t\t\t\t<h3 class=\"elementor-post__title\">\n\t\t\t<a href=\"https:\/\/ctmdefense.es\/index.php\/2025\/09\/29\/debut-de-pdm-y-dhf-en-casa\/\" >\n\t\t\t\tDebut de PDM Y DHF en casa\t\t\t<\/a>\n\t\t<\/h3>\n\t\t\t\t<div class=\"elementor-post__excerpt\">\n\t\t\t<p>Este s\u00e1bado d\u00eda 4-10-2025, Bre\u00f1a baja acoger\u00e1 el debut en casa de los equipos del TM Defense en primera nacional&hellip; <a class=\"continue\" href=\"https:\/\/ctmdefense.es\/index.php\/2025\/09\/29\/debut-de-pdm-y-dhf-en-casa\/\">Seguir leyendo<span> Debut de PDM Y DHF en casa<\/span><\/a><\/p>\n\t\t<\/div>\n\t\t\n\t\t<a class=\"elementor-post__read-more\" href=\"https:\/\/ctmdefense.es\/index.php\/2025\/09\/29\/debut-de-pdm-y-dhf-en-casa\/\" aria-label=\"M\u00e1s informaci\u00f3n sobre Debut de PDM Y DHF en casa\" tabindex=\"-1\" >\n\t\t\tLeer M\u00e1s \u00bb\t\t<\/a>\n\n\t\t\t\t<\/div>\n\t\t\t\t<div class=\"elementor-post__meta-data\">\n\t\t\t\t\t<span class=\"elementor-post-date\">\n\t\t\tseptiembre 29, 2025\t\t<\/span>\n\t\t\t\t<span class=\"elementor-post-avatar\">\n\t\t\tNo hay comentarios\t\t<\/span>\n\t\t\t\t<\/div>\n\t\t\t\t\t<\/div>\n\t\t<\/article>\n\t\t\t\t<\/div>\n\t\t\n\t\t\t\t<div class=\"e-load-more-anchor\" data-page=\"1\" data-max-page=\"7\" data-next-page=\"https:\/\/ctmdefense.es\/index.php\/wp-json\/wp\/v2\/pages\/2244\/page\/2\/\"><\/div>\n\t\t\t\t<nav class=\"elementor-pagination\" aria-label=\"Paginaci\u00f3n\">\n\t\t\t<span aria-current=\"page\" class=\"page-numbers current\"><span class=\"elementor-screen-only\">P\u00e1gina<\/span>1<\/span>\n<a class=\"page-numbers\" href=\"https:\/\/ctmdefense.es\/index.php\/wp-json\/wp\/v2\/pages\/2244\/page\/2\/\"><span class=\"elementor-screen-only\">P\u00e1gina<\/span>2<\/a>\n<a class=\"page-numbers\" href=\"https:\/\/ctmdefense.es\/index.php\/wp-json\/wp\/v2\/pages\/2244\/page\/3\/\"><span class=\"elementor-screen-only\">P\u00e1gina<\/span>3<\/a>\n<a class=\"page-numbers\" href=\"https:\/\/ctmdefense.es\/index.php\/wp-json\/wp\/v2\/pages\/2244\/page\/4\/\"><span class=\"elementor-screen-only\">P\u00e1gina<\/span>4<\/a>\n<a class=\"page-numbers\" href=\"https:\/\/ctmdefense.es\/index.php\/wp-json\/wp\/v2\/pages\/2244\/page\/5\/\"><span class=\"elementor-screen-only\">P\u00e1gina<\/span>5<\/a>\n<a class=\"page-numbers\" href=\"https:\/\/ctmdefense.es\/index.php\/wp-json\/wp\/v2\/pages\/2244\/page\/6\/\"><span class=\"elementor-screen-only\">P\u00e1gina<\/span>6<\/a>\n<a class=\"page-numbers\" href=\"https:\/\/ctmdefense.es\/index.php\/wp-json\/wp\/v2\/pages\/2244\/page\/7\/\"><span class=\"elementor-screen-only\">P\u00e1gina<\/span>7<\/a>\t\t<\/nav>\n\t\t\t\t\t\t<\/div>\n\t\t\t\t<\/div>\n\t\t\t\t\t<\/div>\n\t\t\t\t<\/div>\n\t\t\t\t<\/div>\n\t\t","protected":false},"excerpt":{"rendered":"<p>LA ACTUALIDAD DEL CLUB TENIS DE MESA DEFENSE<\/p>\n","protected":false},"author":1,"featured_media":0,"parent":0,"menu_order":0,"comment_status":"closed","ping_status":"closed","template":"","meta":{"om_disable_all_campaigns":false,"_monsterinsights_skip_tracking":false,"_monsterinsights_sitenote_active":false,"_monsterinsights_sitenote_note":"","_monsterinsights_sitenote_category":0,"site-sidebar-layout":"no-sidebar","site-content-layout":"","ast-site-content-layout":"full-width-container","site-content-style":"default","site-sidebar-style":"default","ast-global-header-display":"","ast-banner-title-visibility":"","ast-main-header-display":"","ast-hfb-above-header-display":"","ast-hfb-below-header-display":"","ast-hfb-mobile-header-display":"","site-post-title":"disabled","ast-breadcrumbs-content":"","ast-featured-img":"disabled","footer-sml-layout":"","ast-disable-related-posts":"","theme-transparent-header-meta":"","adv-header-id-meta":"","stick-header-meta":"","header-above-stick-meta":"","header-main-stick-meta":"","header-below-stick-meta":"","astra-migrate-meta-layouts":"default","ast-page-background-enabled":"default","ast-page-background-meta":{"desktop":{"background-color":"var(--ast-global-color-4)","background-image":"","background-repeat":"repeat","background-position":"center center","background-size":"auto","background-attachment":"scroll","background-type":"","background-media":"","overlay-type":"","overlay-color":"","overlay-opacity":"","overlay-gradient":""},"tablet":{"background-color":"","background-image":"","background-repeat":"repeat","background-position":"center center","background-size":"auto","background-attachment":"scroll","background-type":"","background-media":"","overlay-type":"","overlay-color":"","overlay-opacity":"","overlay-gradient":""},"mobile":{"background-color":"","background-image":"","background-repeat":"repeat","background-position":"center center","background-size":"auto","background-attachment":"scroll","background-type":"","background-media":"","overlay-type":"","overlay-color":"","overlay-opacity":"","overlay-gradient":""}},"ast-content-background-meta":{"desktop":{"background-color":"var(--ast-global-color-5)","background-image":"","background-repeat":"repeat","background-position":"center center","background-size":"auto","background-attachment":"scroll","background-type":"","background-media":"","overlay-type":"","overlay-color":"","overlay-opacity":"","overlay-gradient":""},"tablet":{"background-color":"var(--ast-global-color-5)","background-image":"","background-repeat":"repeat","background-position":"center center","background-size":"auto","background-attachment":"scroll","background-type":"","background-media":"","overlay-type":"","overlay-color":"","overlay-opacity":"","overlay-gradient":""},"mobile":{"background-color":"var(--ast-global-color-5)","background-image":"","background-repeat":"repeat","background-position":"center center","background-size":"auto","background-attachment":"scroll","background-type":"","background-media":"","overlay-type":"","overlay-color":"","overlay-opacity":"","overlay-gradient":""}},"h5ap_radio_sources":[],"footnotes":""},"class_list":["post-2244","page","type-page","status-publish","hentry"],"aioseo_notices":[],"jetpack_sharing_enabled":true,"_links":{"self":[{"href":"https:\/\/ctmdefense.es\/index.php\/wp-json\/wp\/v2\/pages\/2244","targetHints":{"allow":["GET"]}}],"collection":[{"href":"https:\/\/ctmdefense.es\/index.php\/wp-json\/wp\/v2\/pages"}],"about":[{"href":"https:\/\/ctmdefense.es\/index.php\/wp-json\/wp\/v2\/types\/page"}],"author":[{"embeddable":true,"href":"https:\/\/ctmdefense.es\/index.php\/wp-json\/wp\/v2\/users\/1"}],"replies":[{"embeddable":true,"href":"https:\/\/ctmdefense.es\/index.php\/wp-json\/wp\/v2\/comments?post=2244"}],"version-history":[{"count":13,"href":"https:\/\/ctmdefense.es\/index.php\/wp-json\/wp\/v2\/pages\/2244\/revisions"}],"predecessor-version":[{"id":3906,"href":"https:\/\/ctmdefense.es\/index.php\/wp-json\/wp\/v2\/pages\/2244\/revisions\/3906"}],"wp:attachment":[{"href":"https:\/\/ctmdefense.es\/index.php\/wp-json\/wp\/v2\/media?parent=2244"}],"curies":[{"name":"wp","href":"https:\/\/api.w.org\/{rel}","templated":true}]}}