{"id":1971,"date":"2024-07-17T07:20:56","date_gmt":"2024-07-17T07:20:56","guid":{"rendered":"https:\/\/ctmdefense.es\/?page_id=1971"},"modified":"2024-11-03T19:09:55","modified_gmt":"2024-11-03T19:09:55","slug":"informe-anual-de-transparencia","status":"publish","type":"page","link":"https:\/\/ctmdefense.es\/index.php\/informe-anual-de-transparencia\/","title":{"rendered":"INFORME ANUAL DE TRANSPARENCIA"},"content":{"rendered":"\t\t<div data-elementor-type=\"wp-page\" data-elementor-id=\"1971\" class=\"elementor elementor-1971\" data-elementor-post-type=\"page\">\n\t\t\t\t<div class=\"elementor-element elementor-element-60d5d41 e-flex e-con-boxed e-con e-parent\" data-id=\"60d5d41\" data-element_type=\"container\" data-e-type=\"container\">\n\t\t\t\t\t<div class=\"e-con-inner\">\n\t\t\t\t<div class=\"elementor-element elementor-element-6ea4bc3 elementor-widget elementor-widget-heading\" data-id=\"6ea4bc3\" data-element_type=\"widget\" data-e-type=\"widget\" data-widget_type=\"heading.default\">\n\t\t\t\t<div class=\"elementor-widget-container\">\n\t\t\t\t\t<h2 class=\"elementor-heading-title elementor-size-default\">Informe Anual de Transparencia <\/h2>\t\t\t\t<\/div>\n\t\t\t\t<\/div>\n\t\t\t\t\t<\/div>\n\t\t\t\t<\/div>\n\t\t<div class=\"elementor-element elementor-element-32be24f e-flex e-con-boxed e-con e-parent\" data-id=\"32be24f\" data-element_type=\"container\" data-e-type=\"container\">\n\t\t\t\t\t<div class=\"e-con-inner\">\n\t\t\t\t<div class=\"elementor-element elementor-element-def7bb3 elementor-widget elementor-widget-text-editor\" data-id=\"def7bb3\" data-element_type=\"widget\" data-e-type=\"widget\" data-widget_type=\"text-editor.default\">\n\t\t\t\t<div class=\"elementor-widget-container\">\n\t\t\t\t\t\t\t\t\t<p>Actualizado 03-11-2024.<\/p><ul><li><a href=\"https:\/\/ctmdefense.es\/wp-content\/uploads\/2024\/11\/Resultado-de-la-evaluacion-del-grado-de-transparencia.pdf\">Resultado de la evaluaci\u00f3n del grado de transparencia<\/a><\/li><\/ul>\t\t\t\t\t\t\t\t<\/div>\n\t\t\t\t<\/div>\n\t\t\t\t\t<\/div>\n\t\t\t\t<\/div>\n\t\t<div class=\"elementor-element elementor-element-291e72e e-flex e-con-boxed e-con e-parent\" data-id=\"291e72e\" data-element_type=\"container\" data-e-type=\"container\">\n\t\t\t\t\t<div class=\"e-con-inner\">\n\t\t\t\t<div class=\"elementor-element elementor-element-5b2792a elementor-widget elementor-widget-text-editor\" data-id=\"5b2792a\" data-element_type=\"widget\" data-e-type=\"widget\" data-widget_type=\"text-editor.default\">\n\t\t\t\t<div class=\"elementor-widget-container\">\n\t\t\t\t\t\t\t\t\t<p>Actualizado el 17 de julio de 2024<\/p>\t\t\t\t\t\t\t\t<\/div>\n\t\t\t\t<\/div>\n\t\t\t\t\t<\/div>\n\t\t\t\t<\/div>\n\t\t<div class=\"elementor-element elementor-element-aa12aa6 e-flex e-con-boxed e-con e-parent\" data-id=\"aa12aa6\" data-element_type=\"container\" data-e-type=\"container\">\n\t\t\t\t\t<div class=\"e-con-inner\">\n\t\t\t\t<div class=\"elementor-element elementor-element-bae792e elementor-widget elementor-widget-text-editor\" data-id=\"bae792e\" data-element_type=\"widget\" data-e-type=\"widget\" data-widget_type=\"text-editor.default\">\n\t\t\t\t<div class=\"elementor-widget-container\">\n\t\t\t\t\t\t\t\t\t<p>Ejercicio 2023<\/p><ul><li><a href=\"https:\/\/ctmdefense.es\/wp-content\/uploads\/2024\/07\/COMISIONADO-DE-TRANSPARENCIA.pdf\">Registro de entrada<\/a><\/li><li><a href=\"https:\/\/ctmdefense.es\/wp-content\/uploads\/2024\/07\/COMISIONADO-DE-TRANSPARENCIA.odt\">(ODT)<\/a><\/li><li><a href=\"https:\/\/ctmdefense.es\/wp-content\/uploads\/2024\/07\/Certificacion-de-asiento.-Registro-de-Entrada-nro_-2024000204.pdf\">Certificaci\u00f3n de asiento. Registro de Entrada nro_ 2024000204 \u00a0\u00a0 <\/a><\/li><li><a href=\"https:\/\/ctmdefense.es\/wp-content\/uploads\/2024\/07\/Certificacion-de-asiento.-Registro-de-Entrada-nro_-2024000204.odt\">(ODT)<\/a><\/li><li><a href=\"https:\/\/ctmdefense.es\/wp-content\/uploads\/2024\/07\/Resultado-de-la-evaluacion-del-grado-de-transparencia.pdf\">Resultado de la evaluaci\u00f3n del grado de transparencia<\/a><\/li><\/ul>\t\t\t\t\t\t\t\t<\/div>\n\t\t\t\t<\/div>\n\t\t\t\t\t<\/div>\n\t\t\t\t<\/div>\n\t\t<div class=\"elementor-element elementor-element-b55a6e7 e-flex e-con-boxed e-con e-parent\" data-id=\"b55a6e7\" data-element_type=\"container\" data-e-type=\"container\">\n\t\t\t\t\t<div class=\"e-con-inner\">\n\t\t\t\t<div class=\"elementor-element elementor-element-e40b27c elementor-widget elementor-widget-text-editor\" data-id=\"e40b27c\" data-element_type=\"widget\" data-e-type=\"widget\" data-widget_type=\"text-editor.default\">\n\t\t\t\t<div class=\"elementor-widget-container\">\n\t\t\t\t\t\t\t\t\t<p><strong>Club de Tenis de Mesa Defense<\/strong><br \/><strong>Informe Anual 2023 sobre el Grado de Aplicaci\u00f3n de la Ley 12\/2014, de 26 de diciembre, de Transparencia y Acceso a la Informaci\u00f3n P\u00fablica<\/strong><\/p><ol><li><strong> Introducci\u00f3n<\/strong><\/li><\/ol><p>El presente informe tiene como objetivo evaluar el grado de aplicaci\u00f3n de las obligaciones contenidas en la Ley 12\/2014, de 26 de diciembre, de transparencia y acceso a la informaci\u00f3n p\u00fablica, durante el a\u00f1o 2023 en el Club de Tenis de Mesa Defense. Este informe ha sido corregido y actualizado el 16 de julio de 2024 para asegurar el cumplimiento de todas las obligaciones de transparencia.<\/p><ol start=\"2\"><li><strong> Evaluaci\u00f3n del Cumplimiento de las Obligaciones de Publicidad Activa<\/strong><\/li><\/ol><p>Durante el a\u00f1o 2023, el Club de Tenis de Mesa Defense ha llevado a cabo las siguientes acciones para cumplir con las obligaciones de publicidad activa:<\/p><ul><li>Publicaci\u00f3n de los estatutos del club y sus modificaciones.<\/li><li>Publicaci\u00f3n de las actas de las reuniones de la junta directiva.<\/li><li>Publicaci\u00f3n del presupuesto anual y sus modificaciones.<\/li><li>Publicaci\u00f3n de los resultados deportivos y actividades realizadas.<\/li><li>Publicaci\u00f3n de los contratos y convenios suscritos.<\/li><\/ul><ol start=\"3\"><li><strong> Solicitudes de Acceso a la Informaci\u00f3n Recibidas<\/strong><\/li><\/ol><p>En el a\u00f1o 2023, el Club de Tenis de Mesa Defense no recibi\u00f3 ninguna solicitud de acceso a la informaci\u00f3n p\u00fablica.<\/p><ul><li>N\u00famero de solicitudes recibidas: 0<\/li><li>N\u00famero de solicitudes respondidas: 0<\/li><li>Tiempo promedio de respuesta: N\/A<\/li><li>Solicitudes denegadas: 0<\/li><\/ul><ol start=\"4\"><li><strong> An\u00e1lisis de las Reclamaciones Presentadas ante el Comisionado de Transparencia y Acceso a la Informaci\u00f3n P\u00fablica<\/strong><\/li><\/ol><p>Durante el a\u00f1o 2023, no se presentaron reclamaciones ante el Comisionado de Transparencia y Acceso a la Informaci\u00f3n P\u00fablica relacionadas con denegaciones de acceso a la informaci\u00f3n.<\/p><ul><li>Reclamaciones presentadas: 0<\/li><li>Resoluciones emitidas: N\/A<\/li><\/ul><ol start=\"5\"><li><strong> Actualizaci\u00f3n y Correcci\u00f3n del Informe<\/strong><\/li><\/ol><p>Este informe ha sido revisado y actualizado el 16 de julio de 2024 para garantizar el cumplimiento con las obligaciones de transparencia establecidas en la Ley 12\/2014. Se han implementado mejoras en los procesos internos para asegurar la correcta aplicaci\u00f3n de las medidas de transparencia y acceso a la informaci\u00f3n.<\/p><ol start=\"6\"><li><strong> Conclusiones<\/strong><\/li><\/ol><p>El Club de Tenis de Mesa Defense ha cumplido con las obligaciones de transparencia establecidas en la Ley 12\/2014. No se recibieron solicitudes de acceso a la informaci\u00f3n ni reclamaciones durante el a\u00f1o 2023. Las medidas de publicidad activa se han implementado adecuadamente y el club ha revisado y actualizado sus procedimientos para asegurar el cumplimiento continuo de las obligaciones de transparencia.<\/p><ol start=\"7\"><li><strong> Publicaci\u00f3n y Remisi\u00f3n del Informe<\/strong><\/li><\/ol><p>Este informe ser\u00e1 publicado en el portal de transparencia del Club de Tenis de Mesa Defense y remitido al Comisionado de Transparencia y Acceso a la Informaci\u00f3n P\u00fablica, cumpliendo as\u00ed con las obligaciones establecidas en la Ley 12\/2014.<\/p><p><strong>Anexos:<\/strong><\/p><ol><li>Listado de documentos publicados en el portal de transparencia.<\/li><\/ol><p><strong>Juan Vi\u00f1a, <\/strong>Responsable de Transparencia<br \/>Club de Tenis de Mesa Defense<br \/>Fecha: [16 de julio de 2024]<\/p><p><a href=\"https:\/\/ctmdefense.es\/wp-content\/uploads\/2024\/07\/Informe-Anual-2023-sobre-el-Grado-de-Aplicacion-de-la-Ley-Transparencia-y-Acceso-a-la-Informacion-Publica.pdf\">Informe Anual 2023 sobre el Grado de Aplicaci\u00f3n de la Ley Transparencia y Acceso a la Informaci\u00f3n P\u00fablica PDF<\/a><\/p><p><a href=\"https:\/\/ctmdefense.es\/wp-content\/uploads\/2024\/07\/Informe-Anual-2023-sobre-el-Grado-de-Aplicacion-de-la-Ley-Transparencia-y-Acceso-a-la-Informacion-Publica.odt\">(ODT)<\/a><\/p><p><strong>Presentaci\u00f3n del Informe:<\/strong><\/p><ol><li><strong>Publicaci\u00f3n en el Portal de Transparencia.<\/strong><\/li><li><strong>Remisi\u00f3n al Comisionado de Transparencia.<\/strong><\/li><\/ol><div>\u00a0<\/div><div>\u00a0<\/div>\t\t\t\t\t\t\t\t<\/div>\n\t\t\t\t<\/div>\n\t\t\t\t\t<\/div>\n\t\t\t\t<\/div>\n\t\t<div class=\"elementor-element elementor-element-fdf13ef e-flex e-con-boxed e-con e-parent\" data-id=\"fdf13ef\" data-element_type=\"container\" data-e-type=\"container\">\n\t\t\t\t\t<div class=\"e-con-inner\">\n\t\t\t\t<div class=\"elementor-element elementor-element-765e6e0 elementor-widget elementor-widget-text-editor\" data-id=\"765e6e0\" data-element_type=\"widget\" data-e-type=\"widget\" data-widget_type=\"text-editor.default\">\n\t\t\t\t<div class=\"elementor-widget-container\">\n\t\t\t\t\t\t\t\t\t<p>Ejercicio 2022<\/p><p>El Club no presenta Informe Anual de Transparencia, lo hace por primera vez para el ejercicio 2023.<\/p>\t\t\t\t\t\t\t\t<\/div>\n\t\t\t\t<\/div>\n\t\t\t\t\t<\/div>\n\t\t\t\t<\/div>\n\t\t<div class=\"elementor-element elementor-element-41b33ee e-flex e-con-boxed e-con e-parent\" data-id=\"41b33ee\" data-element_type=\"container\" data-e-type=\"container\">\n\t\t\t\t\t<div class=\"e-con-inner\">\n\t\t\t\t<div class=\"elementor-element elementor-element-3d8dceb elementor-widget elementor-widget-text-editor\" data-id=\"3d8dceb\" data-element_type=\"widget\" data-e-type=\"widget\" data-widget_type=\"text-editor.default\">\n\t\t\t\t<div class=\"elementor-widget-container\">\n\t\t\t\t\t\t\t\t\t<div id=\"ctl00_ctl00_MainContentPlaceHolder_PageContentPlaceHolder_tipoDocPanel\" class=\"row\"><div class=\"col-md-9\"><span id=\"ctl00_ctl00_MainContentPlaceHolder_PageContentPlaceHolder_tipoDocLabel\">REMISI\u00d3N DE FORMULARIOS DE INFORMACI\u00d3N DE TRANSPARENCIA<\/span><\/div><\/div><div id=\"ctl00_ctl00_MainContentPlaceHolder_PageContentPlaceHolder_fecRegPanel\" class=\"row\"><div class=\"col-md-3\"><strong>Fecha de registro<\/strong><\/div><div class=\"col-md-9\"><span id=\"ctl00_ctl00_MainContentPlaceHolder_PageContentPlaceHolder_fecRegLabel\">29\/07\/2024<\/span><\/div><\/div><p><a href=\"https:\/\/ctmdefense.es\/wp-content\/uploads\/2024\/07\/Certificacion-de-asiento.-Registro-de-Entrada-nro_-2024003143.pdf\">Certificaci\u00f3n de asiento. Registro de Entrada nro_ 2024003143<\/a><\/p>\t\t\t\t\t\t\t\t<\/div>\n\t\t\t\t<\/div>\n\t\t\t\t\t<\/div>\n\t\t\t\t<\/div>\n\t\t\t\t<\/div>\n\t\t","protected":false},"excerpt":{"rendered":"<p>Informe Anual de Transparencia Actualizado 03-11-2024. Resultado de la evaluaci\u00f3n del grado de transparencia Actualizado el 17 de julio de&hellip; <a class=\"continue\" href=\"https:\/\/ctmdefense.es\/index.php\/informe-anual-de-transparencia\/\">Seguir leyendo<span> INFORME ANUAL DE TRANSPARENCIA<\/span><\/a><\/p>\n","protected":false},"author":1,"featured_media":0,"parent":0,"menu_order":0,"comment_status":"closed","ping_status":"closed","template":"","meta":{"om_disable_all_campaigns":false,"_monsterinsights_skip_tracking":false,"_monsterinsights_sitenote_active":false,"_monsterinsights_sitenote_note":"","_monsterinsights_sitenote_category":0,"site-sidebar-layout":"default","site-content-layout":"","ast-site-content-layout":"default","site-content-style":"default","site-sidebar-style":"default","ast-global-header-display":"","ast-banner-title-visibility":"","ast-main-header-display":"","ast-hfb-above-header-display":"","ast-hfb-below-header-display":"","ast-hfb-mobile-header-display":"","site-post-title":"","ast-breadcrumbs-content":"","ast-featured-img":"","footer-sml-layout":"","ast-disable-related-posts":"","theme-transparent-header-meta":"","adv-header-id-meta":"","stick-header-meta":"","header-above-stick-meta":"","header-main-stick-meta":"","header-below-stick-meta":"","astra-migrate-meta-layouts":"default","ast-page-background-enabled":"default","ast-page-background-meta":{"desktop":{"background-color":"var(--ast-global-color-4)","background-image":"","background-repeat":"repeat","background-position":"center center","background-size":"auto","background-attachment":"scroll","background-type":"","background-media":"","overlay-type":"","overlay-color":"","overlay-opacity":"","overlay-gradient":""},"tablet":{"background-color":"","background-image":"","background-repeat":"repeat","background-position":"center center","background-size":"auto","background-attachment":"scroll","background-type":"","background-media":"","overlay-type":"","overlay-color":"","overlay-opacity":"","overlay-gradient":""},"mobile":{"background-color":"","background-image":"","background-repeat":"repeat","background-position":"center center","background-size":"auto","background-attachment":"scroll","background-type":"","background-media":"","overlay-type":"","overlay-color":"","overlay-opacity":"","overlay-gradient":""}},"ast-content-background-meta":{"desktop":{"background-color":"var(--ast-global-color-5)","background-image":"","background-repeat":"repeat","background-position":"center center","background-size":"auto","background-attachment":"scroll","background-type":"","background-media":"","overlay-type":"","overlay-color":"","overlay-opacity":"","overlay-gradient":""},"tablet":{"background-color":"var(--ast-global-color-5)","background-image":"","background-repeat":"repeat","background-position":"center center","background-size":"auto","background-attachment":"scroll","background-type":"","background-media":"","overlay-type":"","overlay-color":"","overlay-opacity":"","overlay-gradient":""},"mobile":{"background-color":"var(--ast-global-color-5)","background-image":"","background-repeat":"repeat","background-position":"center center","background-size":"auto","background-attachment":"scroll","background-type":"","background-media":"","overlay-type":"","overlay-color":"","overlay-opacity":"","overlay-gradient":""}},"h5ap_radio_sources":[],"footnotes":""},"class_list":["post-1971","page","type-page","status-publish","hentry"],"aioseo_notices":[],"jetpack_sharing_enabled":true,"_links":{"self":[{"href":"https:\/\/ctmdefense.es\/index.php\/wp-json\/wp\/v2\/pages\/1971","targetHints":{"allow":["GET"]}}],"collection":[{"href":"https:\/\/ctmdefense.es\/index.php\/wp-json\/wp\/v2\/pages"}],"about":[{"href":"https:\/\/ctmdefense.es\/index.php\/wp-json\/wp\/v2\/types\/page"}],"author":[{"embeddable":true,"href":"https:\/\/ctmdefense.es\/index.php\/wp-json\/wp\/v2\/users\/1"}],"replies":[{"embeddable":true,"href":"https:\/\/ctmdefense.es\/index.php\/wp-json\/wp\/v2\/comments?post=1971"}],"version-history":[{"count":30,"href":"https:\/\/ctmdefense.es\/index.php\/wp-json\/wp\/v2\/pages\/1971\/revisions"}],"predecessor-version":[{"id":3670,"href":"https:\/\/ctmdefense.es\/index.php\/wp-json\/wp\/v2\/pages\/1971\/revisions\/3670"}],"wp:attachment":[{"href":"https:\/\/ctmdefense.es\/index.php\/wp-json\/wp\/v2\/media?parent=1971"}],"curies":[{"name":"wp","href":"https:\/\/api.w.org\/{rel}","templated":true}]}}